{"id":156,"date":"2016-09-28T12:36:00","date_gmt":"2016-09-28T12:36:00","guid":{"rendered":"http:\/\/www.demo.acmethemes.com\/mercantile\/?page_id=123"},"modified":"2023-02-17T17:51:05","modified_gmt":"2023-02-17T17:51:05","slug":"lolita-maan","status":"publish","type":"page","link":"https:\/\/deutsche-streaming-allianz.com\/de\/our-team\/lolita-maan\/","title":{"rendered":"Radek Wagner"},"content":{"rendered":"<p>ENter text here<br \/>\nDigitalprofi seit \u00fcber 20 Jahren, davon 15 Jahre mit Schwerpunkt Streaming &amp; Paid Services. Experte f\u00fcr die Entwicklung, den Betrieb und den Vertrieb von VOD-Angeboten. Unter anderem f\u00fcr: Pro7Sat1, DFL, SKY, Sevenload und Videobuster.<\/p>","protected":false},"excerpt":{"rendered":"<p>Digital professional for over 20 years, 15 of which with a focus on streaming &#038; paid services. Expert in the development, operation and distribution of VOD offers. Among others for: Pro7Sat1, DFL, SKY, Sevenload and Videobuster.<\/p>","protected":false},"author":1,"featured_media":521,"parent":164,"menu_order":0,"comment_status":"closed","ping_status":"closed","template":"","meta":{"footnotes":""},"class_list":["post-156","page","type-page","status-publish","has-post-thumbnail","hentry"],"_links":{"self":[{"href":"https:\/\/deutsche-streaming-allianz.com\/de\/wp-json\/wp\/v2\/pages\/156","targetHints":{"allow":["GET"]}}],"collection":[{"href":"https:\/\/deutsche-streaming-allianz.com\/de\/wp-json\/wp\/v2\/pages"}],"about":[{"href":"https:\/\/deutsche-streaming-allianz.com\/de\/wp-json\/wp\/v2\/types\/page"}],"author":[{"embeddable":true,"href":"https:\/\/deutsche-streaming-allianz.com\/de\/wp-json\/wp\/v2\/users\/1"}],"replies":[{"embeddable":true,"href":"https:\/\/deutsche-streaming-allianz.com\/de\/wp-json\/wp\/v2\/comments?post=156"}],"version-history":[{"count":4,"href":"https:\/\/deutsche-streaming-allianz.com\/de\/wp-json\/wp\/v2\/pages\/156\/revisions"}],"predecessor-version":[{"id":424,"href":"https:\/\/deutsche-streaming-allianz.com\/de\/wp-json\/wp\/v2\/pages\/156\/revisions\/424"}],"up":[{"embeddable":true,"href":"https:\/\/deutsche-streaming-allianz.com\/de\/wp-json\/wp\/v2\/pages\/164"}],"wp:featuredmedia":[{"embeddable":true,"href":"https:\/\/deutsche-streaming-allianz.com\/de\/wp-json\/wp\/v2\/media\/521"}],"wp:attachment":[{"href":"https:\/\/deutsche-streaming-allianz.com\/de\/wp-json\/wp\/v2\/media?parent=156"}],"curies":[{"name":"wp","href":"https:\/\/api.w.org\/{rel}","templated":true}]}}